{"id":63,"date":"2018-05-02T21:34:50","date_gmt":"2018-05-02T19:34:50","guid":{"rendered":"http:\/\/bowling-traunstein.de\/?page_id=63"},"modified":"2026-05-03T05:45:24","modified_gmt":"2026-05-03T03:45:24","slug":"home","status":"publish","type":"page","link":"https:\/\/bowling-traunstein.de\/","title":{"rendered":"Home"},"content":{"rendered":"\n\n\t<p>Liebe G\u00e4ste,<\/p>\n<p>&nbsp;<\/p>\n<p>aus gegebener schwieriger Situation, ist es uns leider nicht m\u00f6glich im Moment zu \u00f6ffnen. wir werden dies hier ver\u00f6ffentlichen sobald sich das wieder \u00e4ndert. <\/p>\n<p>Das Casablanca Bowling Team<\/p>\n\t<h2>Bowling-Traunstein auf Facebook<\/h2>\n<blockquote cite=\"https:\/\/www.facebook.com\/CasablancaBowlingInTraunstein\/\"><p><a href=\"https:\/\/www.facebook.com\/CasablancaBowlingInTraunstein\/\">Casablanca Bowling Traunstein<\/a><\/p><\/blockquote>\n<p>&nbsp;<\/p>\n<h2>Bowling-Traunstein von innen<\/h2>\n<p><iframe loading=\"lazy\" src=\"https:\/\/www.google.com\/maps\/embed?pb=!1m0!3m2!1sde!2sde!4v1475773594858!6m8!1m7!1sfzHKYt2_UuYAAAQvPC7Uwg!2m2!1d47.85471026876537!2d12.62886507375606!3f308!4f0!5f0.7820865974627469\" width=\"300\" height=\"300\" frameborder=\"0\" allowfullscreen=\"allowfullscreen\"><\/iframe><\/p>\n\t<h5>Preise:<\/h5>\n<h5>f\u00fcr 2 Personen pro Stunde inkl. Schuhe<\/h5>\n<h5>von 14 &#8211; 18 Uhr 17,50 \u20ac<\/h5>\n<h5>ab 18 Uhr 22,50 \u20ac<\/h5>\n<h5>f\u00fcr jede weitere Person werden 3,00 \u20ac<\/h5>\n<h5>pro angefangener Stunde berechnet!<\/h5>\n\t<h5>\u00d6ffnungszeiten:<\/h5>\n<h5>Mo-Do:\u00a0\u00a0\u00a0 Ruhetag<\/h5>\n<h5>Fr-Sa:\u00a0\u00a0\u00a0\u00a0\u00a0 14:00-00:00<\/h5>\n<h5>So: \u00a0 \u00a0 \u00a0 \u00a0\u00a0 14:00-20:00<\/h5>\n\t<a href=\"https:\/\/bowling-traunstein.de\/?page_id=43\" target=\"_self\" rel=\"noopener\"><img loading=\"lazy\" title=\"Flyer_Vorderseite_12.04.2018_2\" src=\"https:\/\/bowling-traunstein.de\/wp-content\/uploads\/2018\/10\/Flyer_Vorderseite_12.04.2018_2-1-e1538489042438.jpg\" alt=\"Flyer_Vorderseite_12.04.2018_2\" width=\"320\" height=\"663\" \/><br \/>\n<\/a><br \/>\n\n<p>\u00a0<\/p>\n\n","protected":false},"excerpt":{"rendered":"<p>Liebe G\u00e4ste, &nbsp; aus gegebener schwieriger Situation, ist es uns leider nicht m\u00f6glich im Moment zu \u00f6ffnen. wir werden dies hier ver\u00f6ffentlichen sobald sich das wieder \u00e4ndert. Das Casablanca Bowling Team Bowling-Traunstein auf Facebook Casablanca Bowling Traunstein &nbsp; Bowling-Traunstein von &hellip; <a href=\"https:\/\/bowling-traunstein.de\/\">Weiterlesen <span class=\"meta-nav\">&rarr;<\/span><\/a><\/p>\n","protected":false},"author":1,"featured_media":0,"parent":0,"menu_order":0,"comment_status":"closed","ping_status":"closed","template":"showcase.php","meta":[],"_links":{"self":[{"href":"https:\/\/bowling-traunstein.de\/index.php?rest_route=\/wp\/v2\/pages\/63"}],"collection":[{"href":"https:\/\/bowling-traunstein.de\/index.php?rest_route=\/wp\/v2\/pages"}],"about":[{"href":"https:\/\/bowling-traunstein.de\/index.php?rest_route=\/wp\/v2\/types\/page"}],"author":[{"embeddable":true,"href":"https:\/\/bowling-traunstein.de\/index.php?rest_route=\/wp\/v2\/users\/1"}],"replies":[{"embeddable":true,"href":"https:\/\/bowling-traunstein.de\/index.php?rest_route=%2Fwp%2Fv2%2Fcomments&post=63"}],"version-history":[{"count":132,"href":"https:\/\/bowling-traunstein.de\/index.php?rest_route=\/wp\/v2\/pages\/63\/revisions"}],"predecessor-version":[{"id":489,"href":"https:\/\/bowling-traunstein.de\/index.php?rest_route=\/wp\/v2\/pages\/63\/revisions\/489"}],"wp:attachment":[{"href":"https:\/\/bowling-traunstein.de\/index.php?rest_route=%2Fwp%2Fv2%2Fmedia&parent=63"}],"curies":[{"name":"wp","href":"https:\/\/api.w.org\/{rel}","templated":true}]}}