{"id":37,"date":"2018-05-02T21:03:07","date_gmt":"2018-05-02T19:03:07","guid":{"rendered":"http:\/\/bowling-traunstein.de\/?page_id=37"},"modified":"2021-09-07T13:10:05","modified_gmt":"2021-09-07T11:10:05","slug":"regeln","status":"publish","type":"page","link":"https:\/\/bowling-traunstein.de\/?page_id=37","title":{"rendered":"Regeln"},"content":{"rendered":"\t<h1>Bowling &#8211; Regeln<\/h1>\r\n<hr \/>\r\n<p>Ein Spiel besteht aus 10 Frames (Durchg\u00e4nge). Am Anfang eines jeden Frames versucht der Spieler, alle 10 Pins zu treffen. Wenn er erfolgreich ist, wird das Ergebinis als <strong>&#8222;Strike&#8220;<\/strong> gez\u00e4hlt und der Frame ist vorbei.<\/p>\r\n<p>Wenn man nach dem ersten Wurf noch einen Pin stehen hat, wird ein zweiter Wurf durchgef\u00fchrt. Werden dabei die \u00fcbrigen Pins getroffen, wird dieser Frame als <strong>&#8222;Spare&#8220;<\/strong> gez\u00e4hlt.<\/p>\r\n<p>Bleibt jedoch nach dem zweiten Wurf noch immer ein Pin stehen, ist das Ergebnis ein &#8222;offener&#8220; Frame. Der Spieler bekommt nur die getroffenen Pins als Ergebnis aufgeschrieben.<\/p>\r\n<h2>STRIKE<\/h2>\r\n<p>Wenn alle 10 Pins mit dem ersten Wurf getroffen werden, wird der Frame mit 10 Punkten gerechnet, plus einem Bonusergebnis der Summer von Pins, die mit den n\u00e4chsten beiden W\u00fcrfen erziehlt werden.<\/p>\r\n<h2>SPARE<\/h2>\r\n<p>Wenn alle 10 Pins mit beiden W\u00fcrfen (in einem Frame) getroffen werden, wird der Frame mit 10 Punkten aufgeschrieben, plus einem Bonusergebnis der Pins, die mit dem n\u00e4chsten Wurf erziehlt werden.<\/p>\r\n<h2>SPLIT<\/h2>\r\n<p>Eine Kombination von Pins, die nach dem ersten Wurf eines Frames stehen bleiben. Wobei direkt vor oder zwischen den stehenden Pins bereits einer fehlt und der Pin Nr.! ebenfalls umgefallen ist. Das Ergebnis wird mit einem Kreis markiert.<\/p>\r\n<h2>FEHLER<\/h2>\r\n<p>Wenn beim zweiten Wurf kein Pin getroffen wurde, wird dies als Fehler (Strich) angezeigt.<\/p>\r\n<h2>FOUL<\/h2>\r\n<p>Wenn man \u00fcber die Foullinie tritt, w\u00e4hrend man einen Wurf ausf\u00fchrt, wird kein Ergebnis aufgeschrieben. Wird ein Foul im ersten Wurf angezeigt, werden alle Pins neu aufgestellt!<\/p>\r\n","protected":false},"excerpt":{"rendered":"<p>Bowling &#8211; Regeln Ein Spiel besteht aus 10 Frames (Durchg\u00e4nge). Am Anfang eines jeden Frames versucht der Spieler, alle 10 Pins zu treffen. Wenn er erfolgreich ist, wird das Ergebinis als &#8222;Strike&#8220; gez\u00e4hlt und der Frame ist vorbei. Wenn man &hellip; <a href=\"https:\/\/bowling-traunstein.de\/?page_id=37\">Weiterlesen <span class=\"meta-nav\">&rarr;<\/span><\/a><\/p>\n","protected":false},"author":1,"featured_media":0,"parent":0,"menu_order":0,"comment_status":"closed","ping_status":"closed","template":"showcase.php","meta":[],"_links":{"self":[{"href":"https:\/\/bowling-traunstein.de\/index.php?rest_route=\/wp\/v2\/pages\/37"}],"collection":[{"href":"https:\/\/bowling-traunstein.de\/index.php?rest_route=\/wp\/v2\/pages"}],"about":[{"href":"https:\/\/bowling-traunstein.de\/index.php?rest_route=\/wp\/v2\/types\/page"}],"author":[{"embeddable":true,"href":"https:\/\/bowling-traunstein.de\/index.php?rest_route=\/wp\/v2\/users\/1"}],"replies":[{"embeddable":true,"href":"https:\/\/bowling-traunstein.de\/index.php?rest_route=%2Fwp%2Fv2%2Fcomments&post=37"}],"version-history":[{"count":0,"href":"https:\/\/bowling-traunstein.de\/index.php?rest_route=\/wp\/v2\/pages\/37\/revisions"}],"wp:attachment":[{"href":"https:\/\/bowling-traunstein.de\/index.php?rest_route=%2Fwp%2Fv2%2Fmedia&parent=37"}],"curies":[{"name":"wp","href":"https:\/\/api.w.org\/{rel}","templated":true}]}}